{"id":9,"date":"2021-03-06T17:09:21","date_gmt":"2021-03-06T17:09:21","guid":{"rendered":"https:\/\/staging.scatca.com\/?page_id=2"},"modified":"2021-08-23T20:40:41","modified_gmt":"2021-08-23T20:40:41","slug":"sample-page-2","status":"publish","type":"page","link":"https:\/\/www.scatca.com\/","title":{"rendered":"Home"},"content":{"rendered":"\n<div class=\"wp-block-cover alignfull has-custom-content-position is-position-top-center\" style=\"min-height:600px\" id=\"banner\"><img loading=\"lazy\" width=\"1920\" height=\"600\" class=\"wp-block-cover__image-background wp-image-40\" alt=\"\" src=\"https:\/\/www.scatca.com\/wp-content\/uploads\/2021\/08\/Herobanner.jpeg\" data-object-fit=\"cover\" srcset=\"https:\/\/www.scatca.com\/wp-content\/uploads\/2021\/08\/Herobanner.jpeg 1920w, https:\/\/www.scatca.com\/wp-content\/uploads\/2021\/08\/Herobanner-300x94.jpeg 300w, https:\/\/www.scatca.com\/wp-content\/uploads\/2021\/08\/Herobanner-1024x320.jpeg 1024w, https:\/\/www.scatca.com\/wp-content\/uploads\/2021\/08\/Herobanner-768x240.jpeg 768w, https:\/\/www.scatca.com\/wp-content\/uploads\/2021\/08\/Herobanner-1536x480.jpeg 1536w\" sizes=\"(max-width: 1920px) 100vw, 1920px\" \/><div class=\"wp-block-cover__inner-container\">\n<div style=\"height:200px\" aria-hidden=\"true\" class=\"wp-block-spacer\"><\/div>\n\n\n\n<h1 class=\"alignwide has-text-align-center\">Transporte y log\u00edstica internacional<\/h1>\n\n\n\n<div class=\"wp-block-buttons is-content-justification-center\">\n<div class=\"wp-block-button icon__cicle--arrow\"><a class=\"wp-block-button__link\" href=\"#quienes-somos\">Desplazarse Hacia Abajo<\/a><\/div>\n<\/div>\n<\/div><\/div>\n\n\n\n<div class=\"wp-block-media-text alignwide is-stacked-on-mobile has-secondary-background-color has-text-color has-background\" style=\"color:#ffffff\" id=\"quienes-somos\"><figure class=\"wp-block-media-text__media\"><img loading=\"lazy\" width=\"688\" height=\"501\" src=\"https:\/\/www.scatca.com\/wp-content\/uploads\/2021\/08\/Intro-SCAT.jpeg\" alt=\"\" class=\"wp-image-41 size-full\" srcset=\"https:\/\/www.scatca.com\/wp-content\/uploads\/2021\/08\/Intro-SCAT.jpeg 688w, https:\/\/www.scatca.com\/wp-content\/uploads\/2021\/08\/Intro-SCAT-300x218.jpeg 300w\" sizes=\"(max-width: 688px) 100vw, 688px\" \/><\/figure><div class=\"wp-block-media-text__content\">\n<h2 class=\"no-border has-text-color\" style=\"color:#ffffff\">Bienvenidos a Scat C.A<\/h2>\n\n\n\n<p class=\"has-text-color\" style=\"color:#ffffff\"><strong>Somos una empresa establecida en Ia Isla de Margarita, <\/strong>Venezuela desde 1975 prestando <strong>servicios<\/strong> en el \u00e1rea de transporte de carga internacional.<\/p>\n<\/div><\/div>\n\n\n\n<figure class=\"wp-block-gallery alignwide columns-3 is-cropped\" id=\"section-two\"><ul class=\"blocks-gallery-grid\"><li class=\"blocks-gallery-item\"><figure><img loading=\"lazy\" width=\"450\" height=\"253\" src=\"https:\/\/www.scatca.com\/wp-content\/uploads\/2021\/08\/Office-1.jpeg\" alt=\"\" data-id=\"44\" data-full-url=\"https:\/\/www.scatca.com\/wp-content\/uploads\/2021\/08\/Office-1.jpeg\" data-link=\"https:\/\/www.scatca.com\/?attachment_id=44\" class=\"wp-image-44\" srcset=\"https:\/\/www.scatca.com\/wp-content\/uploads\/2021\/08\/Office-1.jpeg 450w, https:\/\/www.scatca.com\/wp-content\/uploads\/2021\/08\/Office-1-300x169.jpeg 300w\" sizes=\"(max-width: 450px) 100vw, 450px\" \/><\/figure><\/li><li class=\"blocks-gallery-item\"><figure><img loading=\"lazy\" width=\"450\" height=\"253\" src=\"https:\/\/www.scatca.com\/wp-content\/uploads\/2021\/08\/Office-2.jpeg\" alt=\"\" data-id=\"45\" data-full-url=\"https:\/\/www.scatca.com\/wp-content\/uploads\/2021\/08\/Office-2.jpeg\" data-link=\"https:\/\/www.scatca.com\/?attachment_id=45\" class=\"wp-image-45\" srcset=\"https:\/\/www.scatca.com\/wp-content\/uploads\/2021\/08\/Office-2.jpeg 450w, https:\/\/www.scatca.com\/wp-content\/uploads\/2021\/08\/Office-2-300x169.jpeg 300w\" sizes=\"(max-width: 450px) 100vw, 450px\" \/><\/figure><\/li><li class=\"blocks-gallery-item\"><figure><img loading=\"lazy\" width=\"450\" height=\"253\" src=\"https:\/\/www.scatca.com\/wp-content\/uploads\/2021\/08\/Office-3.jpeg\" alt=\"\" data-id=\"46\" data-full-url=\"https:\/\/www.scatca.com\/wp-content\/uploads\/2021\/08\/Office-3.jpeg\" data-link=\"https:\/\/www.scatca.com\/?attachment_id=46\" class=\"wp-image-46\" srcset=\"https:\/\/www.scatca.com\/wp-content\/uploads\/2021\/08\/Office-3.jpeg 450w, https:\/\/www.scatca.com\/wp-content\/uploads\/2021\/08\/Office-3-300x169.jpeg 300w\" sizes=\"(max-width: 450px) 100vw, 450px\" \/><\/figure><\/li><\/ul><\/figure>\n\n\n\n<div class=\"wp-block-group alignwide\" id=\"servicios\"><div class=\"wp-block-group__inner-container\">\n<h2 class=\"has-text-align-center\">Servicios<\/h2>\n\n\n\n<div class=\"wp-block-media-text alignwide is-stacked-on-mobile\" style=\"grid-template-columns:40% auto\"><figure class=\"wp-block-media-text__media\"><img loading=\"lazy\" width=\"530\" height=\"364\" src=\"https:\/\/www.scatca.com\/wp-content\/uploads\/2021\/08\/Agentes-navieros.jpeg\" alt=\"\" class=\"wp-image-33 size-full\" srcset=\"https:\/\/www.scatca.com\/wp-content\/uploads\/2021\/08\/Agentes-navieros.jpeg 530w, https:\/\/www.scatca.com\/wp-content\/uploads\/2021\/08\/Agentes-navieros-300x206.jpeg 300w\" sizes=\"(max-width: 530px) 100vw, 530px\" \/><\/figure><div class=\"wp-block-media-text__content\">\n<h3>Agentes Navieros<\/h3>\n\n\n\n<p>Agentes Navieros de las principales l\u00edneas que sirven al Puerto del Guamache en la Isla de Margarita.<\/p>\n<\/div><\/div>\n\n\n\n<div class=\"wp-block-media-text alignwide has-media-on-the-right is-stacked-on-mobile\" style=\"grid-template-columns:auto 40%\"><figure class=\"wp-block-media-text__media\"><img loading=\"lazy\" width=\"532\" height=\"364\" src=\"https:\/\/www.scatca.com\/wp-content\/uploads\/2021\/08\/Distribuidores.jpeg\" alt=\"\" class=\"wp-image-37 size-full\" srcset=\"https:\/\/www.scatca.com\/wp-content\/uploads\/2021\/08\/Distribuidores.jpeg 532w, https:\/\/www.scatca.com\/wp-content\/uploads\/2021\/08\/Distribuidores-300x205.jpeg 300w\" sizes=\"(max-width: 532px) 100vw, 532px\" \/><\/figure><div class=\"wp-block-media-text__content\">\n<h3>Distribuidores<\/h3>\n\n\n\n<p>Transporte, almacenamiento y distribuci\u00f3n de carga.<\/p>\n\n\n\n<ul><li>Servicio de transporte y entrega de mercanc\u00edas a nivel nacional.<\/li><li>Sistemas de carga especializados.<\/li><li>Asesor\u00eda en la implementaci\u00f3n de sistemas de distribuci\u00f3n.<\/li><li>Sistemas satelitales para el seguimiento de su mercanc\u00eda.<\/li><\/ul>\n<\/div><\/div>\n\n\n\n<div class=\"wp-block-media-text alignwide is-stacked-on-mobile\" style=\"grid-template-columns:40% auto\"><figure class=\"wp-block-media-text__media\"><img loading=\"lazy\" width=\"530\" height=\"364\" src=\"https:\/\/www.scatca.com\/wp-content\/uploads\/2021\/08\/Agentes-Aduanales.jpeg\" alt=\"\" class=\"wp-image-32 size-full\" srcset=\"https:\/\/www.scatca.com\/wp-content\/uploads\/2021\/08\/Agentes-Aduanales.jpeg 530w, https:\/\/www.scatca.com\/wp-content\/uploads\/2021\/08\/Agentes-Aduanales-300x206.jpeg 300w\" sizes=\"(max-width: 530px) 100vw, 530px\" \/><\/figure><div class=\"wp-block-media-text__content\">\n<h3>Operadores Portuarios<\/h3>\n<\/div><\/div>\n\n\n\n<div class=\"wp-block-media-text alignwide has-media-on-the-right is-stacked-on-mobile\" style=\"grid-template-columns:auto 40%\"><figure class=\"wp-block-media-text__media\"><img loading=\"lazy\" width=\"530\" height=\"364\" src=\"https:\/\/www.scatca.com\/wp-content\/uploads\/2021\/08\/Almacenes-AGD.jpeg\" alt=\"\" class=\"wp-image-34 size-full\" srcset=\"https:\/\/www.scatca.com\/wp-content\/uploads\/2021\/08\/Almacenes-AGD.jpeg 530w, https:\/\/www.scatca.com\/wp-content\/uploads\/2021\/08\/Almacenes-AGD-300x206.jpeg 300w\" sizes=\"(max-width: 530px) 100vw, 530px\" \/><\/figure><div class=\"wp-block-media-text__content\">\n<h3>Almacenes &#8211; A G D \/ INBOND<\/h3>\n\n\n\n<p>Scat, C.A. cuenta con almac\u00e9n Inbond en nuestra sede de Porlamar para el manejo de mercanc\u00eda suelta.<\/p>\n<\/div><\/div>\n<\/div><\/div>\n\n\n\n<div class=\"wp-block-buttons is-content-justification-center\" id=\"consulados\">\n<div class=\"wp-block-button\"><a class=\"wp-block-button__link\" href=\"https:\/\/colombia.um.dk\" target=\"_blank\" rel=\"noreferrer noopener\"><img loading=\"lazy\" width=\"64\" height=\"64\" class=\"wp-image-35\" style=\"width: 64px;\" src=\"https:\/\/www.scatca.com\/wp-content\/uploads\/2021\/08\/dinamarca.png\" alt=\"\"><\/a><\/div>\n\n\n\n<div class=\"wp-block-button\"><a class=\"wp-block-button__link\" href=\"http:\/\/www.norway.no\/es\/colombia\" target=\"_blank\" rel=\"noreferrer noopener\"><img loading=\"lazy\" width=\"64\" height=\"64\" class=\"wp-image-43\" style=\"width: 64px;\" src=\"https:\/\/www.scatca.com\/wp-content\/uploads\/2021\/08\/norway.png\" alt=\"\"><\/a><\/div>\n\n\n\n<div class=\"wp-block-button\"><a class=\"wp-block-button__link\" href=\"http:\/\/www.swedenabroad.se\/bogota\" target=\"_blank\" rel=\"noreferrer noopener\"><img loading=\"lazy\" width=\"64\" height=\"64\" class=\"wp-image-47\" style=\"width: 64px;\" src=\"https:\/\/www.scatca.com\/wp-content\/uploads\/2021\/08\/suecia.png\" alt=\"\"><\/a><\/div>\n\n\n\n<div class=\"wp-block-button\"><a class=\"wp-block-button__link\" href=\"http:\/\/finlandabroad.fi\/Web\/colombia\" target=\"_blank\" rel=\"noreferrer noopener\"><img loading=\"lazy\" width=\"64\" height=\"64\" class=\"wp-image-39\" style=\"width: 64px;\" src=\"https:\/\/www.scatca.com\/wp-content\/uploads\/2021\/08\/finlandia.png\" alt=\"\"><\/a><\/div>\n<\/div>\n\n\n\n<div class=\"wp-block-media-text alignfull is-stacked-on-mobile is-vertically-aligned-center has-background\" style=\"background-color:#dfe6e9\" id=\"section-form\"><figure class=\"wp-block-media-text__media\"><img loading=\"lazy\" width=\"662\" height=\"337\" src=\"https:\/\/www.scatca.com\/wp-content\/uploads\/2021\/08\/map-scat.png\" alt=\"\" class=\"wp-image-42 size-full\" srcset=\"https:\/\/www.scatca.com\/wp-content\/uploads\/2021\/08\/map-scat.png 662w, https:\/\/www.scatca.com\/wp-content\/uploads\/2021\/08\/map-scat-300x153.png 300w\" sizes=\"(max-width: 662px) 100vw, 662px\" \/><\/figure><div class=\"wp-block-media-text__content\">\n<h2 class=\"has-text-align-center has-text-color\" style=\"color:#ffffff\">Cont\u00e1ctenos<\/h2>\n\n\n<div role=\"form\" class=\"wpcf7\" id=\"wpcf7-f27-o1\" lang=\"es-ES\" dir=\"ltr\">\n<div class=\"screen-reader-response\"><p role=\"status\" aria-live=\"polite\" aria-atomic=\"true\"><\/p> <ul><\/ul><\/div>\n<form action=\"\/index.php?rest_route=%2Fwp%2Fv2%2Fpages%2F9#wpcf7-f27-o1\" method=\"post\" class=\"wpcf7-form init\" novalidate=\"novalidate\" data-status=\"init\">\n<div style=\"display: none;\">\n<input type=\"hidden\" name=\"_wpcf7\" value=\"27\" \/>\n<input type=\"hidden\" name=\"_wpcf7_version\" value=\"5.5.6.1\" \/>\n<input type=\"hidden\" name=\"_wpcf7_locale\" value=\"es_ES\" \/>\n<input type=\"hidden\" name=\"_wpcf7_unit_tag\" value=\"wpcf7-f27-o1\" \/>\n<input type=\"hidden\" name=\"_wpcf7_container_post\" value=\"0\" \/>\n<input type=\"hidden\" name=\"_wpcf7_posted_data_hash\" value=\"\" \/>\n<\/div>\n<div class='contacto__form'>\n<div class='contacto__row-2'>\n<p>    <label> Nombre * <span class=\"wpcf7-form-control-wrap your-name\"><input type=\"text\" name=\"your-name\" value=\"\" size=\"40\" class=\"wpcf7-form-control wpcf7-text wpcf7-validates-as-required\" aria-required=\"true\" aria-invalid=\"false\" \/><\/span> <\/label><\/p>\n<p>    <label> Apellido * <span class=\"wpcf7-form-control-wrap your-lastname\"><input type=\"text\" name=\"your-lastname\" value=\"\" size=\"40\" class=\"wpcf7-form-control wpcf7-text wpcf7-validates-as-required\" aria-required=\"true\" aria-invalid=\"false\" \/><\/span> <\/label><\/p>\n<\/div>\n<div class='contacto__row-2'>\n<p>   <label> Tel\u00e9fono * <span class=\"wpcf7-form-control-wrap your-phone\"><input type=\"text\" name=\"your-phone\" value=\"\" size=\"40\" class=\"wpcf7-form-control wpcf7-text wpcf7-validates-as-required\" aria-required=\"true\" aria-invalid=\"false\" \/><\/span> <\/label><\/p>\n<p>   <label> Email * <span class=\"wpcf7-form-control-wrap your-email\"><input type=\"email\" name=\"your-email\" value=\"\" size=\"40\" class=\"wpcf7-form-control wpcf7-text wpcf7-email wpcf7-validates-as-required wpcf7-validates-as-email\" aria-required=\"true\" aria-invalid=\"false\" \/><\/span> <\/label><\/p>\n<\/div>\n<div class='contacto__row'>\n<p>    <label> Comentario * <span class=\"wpcf7-form-control-wrap your-message\"><textarea name=\"your-message\" cols=\"40\" rows=\"3\" class=\"wpcf7-form-control wpcf7-textarea wpcf7-validates-as-required\" aria-required=\"true\" aria-invalid=\"false\"><\/textarea><\/span> <\/label><\/p>\n<\/div>\n<\/div>\n<p><input type=\"submit\" value=\"Enviar\" class=\"wpcf7-form-control has-spinner wpcf7-submit\" \/><\/p>\n<div class=\"wpcf7-response-output\" aria-hidden=\"true\"><\/div><\/form><\/div>\n<\/div><\/div>\n\n\n\n<div class=\"wp-block-group alignfull has-tertiary-background-color has-background\" id=\"footer\"><div class=\"wp-block-group__inner-container\">\n<div class=\"wp-block-columns alignwide\">\n<div class=\"wp-block-column\">\n<div class=\"wp-block-columns\">\n<div class=\"wp-block-column footer-icon\">\n<figure class=\"wp-block-image size-full\"><img loading=\"lazy\" width=\"54\" height=\"54\" src=\"https:\/\/www.scatca.com\/wp-content\/uploads\/2021\/08\/Direccion-1.png\" alt=\"\" class=\"wp-image-36\"\/><\/figure>\n<\/div>\n\n\n\n<div class=\"wp-block-column\">\n<h4 class=\"has-text-color\" style=\"color:#ffffff\">Direcc\u00edon<\/h4>\n\n\n\n<p class=\"has-text-color\" style=\"color:#ffffff\">Av. Juan Bautista Arismend\u00ed, Edificio SCAT<br>Isla de Margarita &#8211; Venezuela<\/p>\n<\/div>\n<\/div>\n<\/div>\n\n\n\n<div class=\"wp-block-column\">\n<div class=\"wp-block-columns\">\n<div class=\"wp-block-column footer-icon\">\n<figure class=\"wp-block-image size-full\"><img loading=\"lazy\" width=\"54\" height=\"54\" src=\"https:\/\/www.scatca.com\/wp-content\/uploads\/2021\/08\/Emails-1.png\" alt=\"\" class=\"wp-image-38\"\/><\/figure>\n<\/div>\n\n\n\n<div class=\"wp-block-column\">\n<h4 class=\"has-text-color\" style=\"color:#ffffff\">Emails<\/h4>\n\n\n\n<p class=\"has-text-color\" style=\"color:#ffffff\">operaciones@scatca.com<br>administracion@scatca.com<\/p>\n<\/div>\n<\/div>\n<\/div>\n\n\n\n<div class=\"wp-block-column\">\n<div class=\"wp-block-columns\">\n<div class=\"wp-block-column footer-icon\">\n<figure class=\"wp-block-image size-full\"><img loading=\"lazy\" width=\"54\" height=\"54\" src=\"https:\/\/www.scatca.com\/wp-content\/uploads\/2021\/08\/Telefonos-1.png\" alt=\"\" class=\"wp-image-48\"\/><\/figure>\n<\/div>\n\n\n\n<div class=\"wp-block-column\">\n<h4 class=\"has-text-color\" style=\"color:#ffffff\">Tel\u00e9fonos<\/h4>\n\n\n\n<p class=\"has-text-color\" style=\"color:#ffffff\">+58 (295) 274.5882<br>+58 (295) 274.48.20<br>+58 <meta charset=\"utf-8\">(295) 274.00.27<br>+58 <meta charset=\"utf-8\">(295) 274.19.35<\/p>\n<\/div>\n<\/div>\n<\/div>\n<\/div>\n<\/div><\/div>\n","protected":false},"excerpt":{"rendered":"<p>Bienvenidos a Scat C.A Somos una empresa establecida en Ia Isla de Margarita, Venezuela desde 1975 prestando servicios en el \u00e1rea de transporte de carga internacional. Servicios Agentes Navieros Agentes Navieros de las principales l\u00edneas que sirven al Puerto del Guamache en la Isla de Margarita. Distribuidores Transporte, almacenamiento y distribuci\u00f3n de carga. Servicio de [&hellip;]<\/p>\n","protected":false},"author":2,"featured_media":0,"parent":0,"menu_order":0,"comment_status":"closed","ping_status":"open","template":"","meta":[],"_links":{"self":[{"href":"https:\/\/www.scatca.com\/index.php?rest_route=\/wp\/v2\/pages\/9"}],"collection":[{"href":"https:\/\/www.scatca.com\/index.php?rest_route=\/wp\/v2\/pages"}],"about":[{"href":"https:\/\/www.scatca.com\/index.php?rest_route=\/wp\/v2\/types\/page"}],"author":[{"embeddable":true,"href":"https:\/\/www.scatca.com\/index.php?rest_route=\/wp\/v2\/users\/2"}],"replies":[{"embeddable":true,"href":"https:\/\/www.scatca.com\/index.php?rest_route=%2Fwp%2Fv2%2Fcomments&post=9"}],"version-history":[{"count":2,"href":"https:\/\/www.scatca.com\/index.php?rest_route=\/wp\/v2\/pages\/9\/revisions"}],"predecessor-version":[{"id":51,"href":"https:\/\/www.scatca.com\/index.php?rest_route=\/wp\/v2\/pages\/9\/revisions\/51"}],"wp:attachment":[{"href":"https:\/\/www.scatca.com\/index.php?rest_route=%2Fwp%2Fv2%2Fmedia&parent=9"}],"curies":[{"name":"wp","href":"https:\/\/api.w.org\/{rel}","templated":true}]}}